


{"id":67,"date":"2016-01-13T17:45:34","date_gmt":"2016-01-13T16:45:34","guid":{"rendered":"http:\/\/www.teens4unity.org\/il-nostro-stile\/rivista-teens\/"},"modified":"2020-11-02T19:20:57","modified_gmt":"2020-11-02T18:20:57","slug":"rivista-teens","status":"publish","type":"page","link":"https:\/\/www.teens4unity.org\/pt-pt\/cosa-facciamo\/rivista-teens\/","title":{"rendered":"Rivista Teens"},"content":{"rendered":"<div class=\"column two-third\"><\/p>\n<p><em>Teens<\/em> \u00e8 una rivista fatta <span class=\"highlight\" >dai ragazzi per i ragazzi<\/span>\n. \u00c8 il nostro giornale: nostro perch\u00e9 a parlare siamo noi.<\/p>\n<p><em>Teens<\/em> si propone di <span class=\"highlight\" >dare spazio a tutto quanto di positivo riguarda il mondo dei ragazzi<\/span>\n. \u00a0S\u00ec, perch\u00e9 di belle notizie della nostra generazione ce ne sono tante, le nostre pagine vogliono valorizzarle e diffonderle.<\/p>\n<p><span class=\"highlight\" >La redazione \u00e8 formata da teenagers<\/span>\n affiancati da alcuni giornalisti e tutor esperti in vari campi. L\u2019edizione italiana \u00e8 attualmente tradotta in cinque lingue, ma stanno nascendo <span class=\"highlight\" >redazioni locali<\/span>\n in varie parti del mondo per dare vita a edizioni diverse in varie aree geografiche e linguistiche.<\/p>\n<p>\u00c8 un giornale che <span class=\"highlight\" >costruiamo insieme<\/span>\n: ognuno pu\u00f2 collaborare scrivendo, proponendo argomenti, inventando giochi, disegnando, fornendo materiale fotografico\u2026<\/p>\n<p><em>Teens<\/em> vuole <span class=\"highlight\" >dare spazio ai tanti che credono sia possibile realizzare un mondo unito, in pace<\/span>\n, e si impegnano affinch\u00e9 parole come solidariet\u00e0 e fraternit\u00e0 si traducano in vita. Un progetto un po\u2019 ardito? Pu\u00f2 essere, ma cosa \u00e8 una vita senza un grande ideale? E poi in molti sono gi\u00e0 in cammino per realizzarlo. Non ci credete? Motivo in pi\u00f9 per conoscere <em>Teens<\/em>!<\/p>\n<p>Potete abbonarvi <a href=\"http:\/\/www.cittanuova.it\/cn_abbonamenti\/scheda.php?idRiv=45\">cliccando qui<\/a>.<\/p>\n<p>Ma Teens \u00e8 anche su <a href=\"https:\/\/www.facebook.com\/Teens4unity-656636774347457\/?fref=ts\">Facebook<\/a>, <a href=\"https:\/\/twitter.com\/teens4unity\">Twitter<\/a>, <a href=\"https:\/\/www.youtube.com\/channel\/UC-uGRoCtVa1RvqoN8Lus6xw\">Youtube<\/a> e\u00a0il <a href=\"http:\/\/blog.teens4unity.net\/\">nostro blog<\/a>!<\/p>\n<p><\/div>\n\n<div class=\"column one-third\"><\/p>\n<div class=\"image_frame no_link scale-with-grid alignnone has_border\" ><div class=\"image_wrapper\"><img class=\"scale-with-grid\" src=\"http:\/\/www.teens4unity.org\/wp-content\/uploads\/foto-teens.jpg\" alt=\"\"   \/><\/div><\/div>\n<p><\/div>\n\n<div class=\"column one-fourth\"><\/p>\n<p><\/div>\n\n","protected":false},"excerpt":{"rendered":"Teens \u00e8 una rivista fatta dai ragazzi per i ragazzi . \u00c8 il nostro giornale: nostro perch\u00e9 a parlare siamo noi. Teens si propone di dare [...]","protected":false},"author":1,"featured_media":0,"parent":25,"menu_order":0,"comment_status":"closed","ping_status":"closed","template":"","meta":[],"_links":{"self":[{"href":"https:\/\/www.teens4unity.org\/pt-pt\/wp-json\/wp\/v2\/pages\/67"}],"collection":[{"href":"https:\/\/www.teens4unity.org\/pt-pt\/wp-json\/wp\/v2\/pages"}],"about":[{"href":"https:\/\/www.teens4unity.org\/pt-pt\/wp-json\/wp\/v2\/types\/page"}],"author":[{"embeddable":true,"href":"https:\/\/www.teens4unity.org\/pt-pt\/wp-json\/wp\/v2\/users\/1"}],"replies":[{"embeddable":true,"href":"https:\/\/www.teens4unity.org\/pt-pt\/wp-json\/wp\/v2\/comments?post=67"}],"version-history":[{"count":5,"href":"https:\/\/www.teens4unity.org\/pt-pt\/wp-json\/wp\/v2\/pages\/67\/revisions"}],"predecessor-version":[{"id":2253,"href":"https:\/\/www.teens4unity.org\/pt-pt\/wp-json\/wp\/v2\/pages\/67\/revisions\/2253"}],"up":[{"embeddable":true,"href":"https:\/\/www.teens4unity.org\/pt-pt\/wp-json\/wp\/v2\/pages\/25"}],"wp:attachment":[{"href":"https:\/\/www.teens4unity.org\/pt-pt\/wp-json\/wp\/v2\/media?parent=67"}],"curies":[{"name":"wp","href":"https:\/\/api.w.org\/{rel}","templated":true}]}}