


{"id":57,"date":"2016-01-13T17:44:57","date_gmt":"2016-01-13T16:44:57","guid":{"rendered":"http:\/\/www.teens4unity.org\/il-nostro-stile\/la-regola-doro\/"},"modified":"2021-03-08T13:44:23","modified_gmt":"2021-03-08T12:44:23","slug":"la-regola-doro","status":"publish","type":"page","link":"https:\/\/www.teens4unity.org\/fr\/il-nostro-stile\/la-regola-doro\/","title":{"rendered":"La Regola d\u2019Oro"},"content":{"rendered":"<div class=\"column one-second\"><\/p>\n<p><strong>&#8220;Fai agli altri ci\u00f2 che vorresti fosse fatto a te, e non fai agli altri ci\u00f2 che non vorresti fosse fatto a te\u201d<\/strong><\/p>\n<p>La Regola d\u2019oro \u00e8 un principio etico di comportamento che, in varie formulazioni, \u00e8 presente nei libri sacri delle principali religioni ed in molte culture. Se vissuta genera la reciprocit\u00e0 e quindi la pace.<\/p>\n<div class=\"blockquote\"><blockquote>Esiste una legge universale, trovata nei vari libri sacri delle religioni del mondo, che \u00e8 unica nel suo genere per la sua presenza in tutte le culture: &#8220;Fare agli altri quello che vorremmo fosse fatto a noi e a non fare agli altri quello che non vorremmo fosse fatto a noi&#8221;<\/p>\n<p>\u00c8 talmente preziosa da essere chiamata la &#8220;Regola d&#8217;oro&#8221;!<\/p>\n<p>In forme diverse si trova espressa nei libri sacri delle principali religioni e nei testi sapienziali di molte culture.<\/blockquote><\/div>\n<p><\/div>\n\n<div class=\"column one-second\"><\/p>\n<div class=\"image_frame no_link scale-with-grid alignnone has_border\" ><div class=\"image_wrapper\"><img class=\"scale-with-grid\" src=\"\" alt=\"\"   \/><\/div><\/div>\n<p style=\"text-align: center;\"><a class=\"mfn-link mfn-link-2 \" href=\"\/wp-content\/uploads\/Testo-integrale-libro-Coloriamo-la-citt\u00e0-esperienze-Regola-dOro.pdf\" data-hover=\"Esperienze della regola d'Oro\" ontouchstart=\"this.classList.toggle('hover');\"  ><span data-hover=\"Esperienze della regola d'Oro\">Esperienze della regola d'Oro<\/span><\/a><\/p>\n<p><\/div>\n\n<div class=\"column one\"><\/p>\n<div class=\"column one-third\"><br \/>\n<strong>EBRAISMO:<\/strong> &#8220;Ci\u00f2 che per te \u00e8 odioso non farlo al tuo compagno. Questa \u00e8 l&#8217;intera Legge&#8221; (31\u00b0 Sabbat, Talmud Babilonese)<\/p>\n<p><strong>CRISTIANESIMO:<\/strong> &#8220;Tutto quanto volete che gli uomini facciano a voi, anche voi fatelo a loro: questa infatti \u00e8 la Legge e i Profeti&#8221; (Vangelo secondo Matteo 7,12)<\/p>\n<p><strong>ISLAM:<\/strong> &#8220;Nessuno di voi \u00e8 un credente finch\u00e9 non ama suo fratello come ama se stesso&#8221; (Profeta Muhammed, 13\u00b0 dei 40 Hadiths Nawawi)<\/p>\n<p><strong>BUDDISMO:<\/strong> &#8220;Non ferire gli altri in maniera che tu non debba ritrovarti ferito&#8221; (The Buddha, Uadanavarga 5, 18)<\/p>\n<p><\/div>\n<div class=\"column one-third\"><\/p>\n<p><strong>INDUISMO:<\/strong>&#8220;Questa \u00e8 la somma del dovere: non fare agli altri ci\u00f2 che ti causa dolore se fatto a te&#8221; (Mahabharata, 5.15.17)<\/p>\n<p><strong>CONFUCIANESIMO:<\/strong> &#8220;E&#8217; il massimo dell&#8217;amabile benevolenza: non fare agli altri ci\u00f2 che non vorresti che essi facessero verso di te&#8221; (Confucio, Analects 15.23)<\/p>\n<p><strong>GIAINISMO:<\/strong> &#8220;Nella felicit\u00e0 e nella sofferenza, nella gioia e nel dolore, dovremmo avere cura di tutte le creature come abbiamo cura di noi stessi &#8221; (Lord Mahavira, 24\u00b0 Tirthankara)<\/p>\n<p><strong>SIKHISMO:<\/strong> &#8220;Come stimi te stesso, cos\u00ec stima gli altri&#8221; (Sri Guru Granth Sahib)<\/p>\n<p><\/div>\n<div class=\"column one-third\"><\/p>\n<p><strong>TAOISMO:<\/strong> &#8220;Rispetta la vincita del tuo prossimo come se fosse la tua, e la sconfitta del tuo prossimo come se fosse la tua&#8221; (Lao Tzu T&#8217;ai Shang Kan Ying P&#8217;ien 213-218)<\/p>\n<p><strong>BAH\u00c1I:<\/strong> &#8220;Benedetto \u00e8 colui che ama suo fratello prima di se stesso&#8221; (Bah\u00e1&#8217; u&#8217; ll\u00e1h, Tablets of Bah\u00e1&#8217; u&#8217; ll\u00e1h, Bah\u00e1&#8217;\u00ed World Centre, Haifa 1978)<\/p>\n<p><strong>ZOROASTRIANESIMO:<\/strong> &#8220;Non fare agli altri ci\u00f2 che \u00e8 dannoso per te stesso&#8221; (Shayast-na-Shayast 13.29)<br \/>\n<strong>RELIGIONE TRADIZIONALE AFRICANA:<\/strong> &#8220;Ci\u00f2 che dai (o fai) agli altri, questo ti sar\u00e0 dato (o fatto) a te&#8221; (Proverbio rwandese)<\/p>\n<p><\/div>\n<p><\/div>\n\n<p style=\"text-align: right;\"><a href=\"\/wp-content\/uploads\/Testo-integrale-libro-Coloriamo-la-citt\u00e0-esperienze-Regola-dOro.docx?phpMyAdmin=bSlu7htLtB7yKwuS1z710Fig9se\">Esperienze Regola d&#8217;Oro formato Word<\/a><\/p>\n","protected":false},"excerpt":{"rendered":"<p>Esperienze Regola d&#8217;Oro formato Word<\/p>\n","protected":false},"author":1,"featured_media":0,"parent":51,"menu_order":0,"comment_status":"closed","ping_status":"closed","template":"","meta":[],"_links":{"self":[{"href":"https:\/\/www.teens4unity.org\/fr\/wp-json\/wp\/v2\/pages\/57"}],"collection":[{"href":"https:\/\/www.teens4unity.org\/fr\/wp-json\/wp\/v2\/pages"}],"about":[{"href":"https:\/\/www.teens4unity.org\/fr\/wp-json\/wp\/v2\/types\/page"}],"author":[{"embeddable":true,"href":"https:\/\/www.teens4unity.org\/fr\/wp-json\/wp\/v2\/users\/1"}],"replies":[{"embeddable":true,"href":"https:\/\/www.teens4unity.org\/fr\/wp-json\/wp\/v2\/comments?post=57"}],"version-history":[{"count":10,"href":"https:\/\/www.teens4unity.org\/fr\/wp-json\/wp\/v2\/pages\/57\/revisions"}],"predecessor-version":[{"id":2421,"href":"https:\/\/www.teens4unity.org\/fr\/wp-json\/wp\/v2\/pages\/57\/revisions\/2421"}],"up":[{"embeddable":true,"href":"https:\/\/www.teens4unity.org\/fr\/wp-json\/wp\/v2\/pages\/51"}],"wp:attachment":[{"href":"https:\/\/www.teens4unity.org\/fr\/wp-json\/wp\/v2\/media?parent=57"}],"curies":[{"name":"wp","href":"https:\/\/api.w.org\/{rel}","templated":true}]}}