


{"id":10,"date":"2016-01-13T17:38:55","date_gmt":"2016-01-13T16:38:55","guid":{"rendered":"http:\/\/www.teens4unity.org\/chi-siamo-2\/"},"modified":"2019-04-16T16:50:28","modified_gmt":"2019-04-16T14:50:28","slug":"chi-siamo","status":"publish","type":"page","link":"https:\/\/www.teens4unity.org\/fr\/chi-siamo\/","title":{"rendered":"Qui sommes nous"},"content":{"rendered":"<div class=\"column one-second\"><\/p>\n<p><span class=\"tlid-translation translation\" lang=\"fr\">Pr\u00e9sent dans<\/span> <span class=\"highlight\" >182 <span class=\"tlid-translation translation\" lang=\"fr\">pays<\/span><\/span>\n <span class=\"tlid-translation translation\" lang=\"fr\">nous sommes les gar\u00e7ons de l&#8217;unit\u00e9, les adolescents du<\/span> <a href=\"http:\/\/focolare.org\"><span class=\"tlid-translation translation\" lang=\"fr\">mouvement des Focolari<\/span><\/a>.<\/p>\n<p><span class=\"tlid-translation translation\" lang=\"fr\">Nous vivons dans diff\u00e9rentes r\u00e9gions du monde, nous parlons diff\u00e9rentes langues, nous appartenons \u00e0 diff\u00e9rentes religions et certains d&#8217;entre nous ne se reconnaissent pas mutuellement dans une conviction religieuse, mais nous unissent \u00e0 un objectif commun: \u0153uvrer pour la construction d&#8217;un monde uni, pour r\u00e9aliser <\/span><span class=\"highlight\" ><span class=\"tlid-translation translation\" lang=\"fr\">la fraternit\u00e9<\/span> <span class=\"tlid-translation translation\" lang=\"fr\">universal<\/span><\/span>\n, <span class=\"tlid-translation translation\" lang=\"fr\">pour donner vie \u00e0<\/span> <span class=\"highlight\" ><span class=\"tlid-translation translation\" lang=\"fr\">actions de paix<\/span><\/span>\n <span class=\"tlid-translation translation\" lang=\"fr\">\u00e0 partir de notre quotidien et de nos villes. Nous voulons impliquer beaucoup d&#8217;autres enfants du monde dans ce projet<\/span>.<\/p>\n<h3><span class=\"tlid-translation translation\" lang=\"fr\">En quoi nous croyons<\/span><\/h3>\n<p><span class=\"tlid-translation translation\" lang=\"fr\">Nous croyons que seul le respect mutuel entre les peuples et les peuples peut changer le monde, que seule l&#8217;unit\u00e9 peut gu\u00e9rir les haines et les conflits, que seule la fraternit\u00e9 peut aider \u00e0 construire ensemble un monde meilleur<\/span>.<\/p>\n<p><span class=\"tlid-translation translation\" lang=\"fr\">Chaque jour, nous essayons de vivre et de r\u00e9pandre la pr\u00e9tendue<\/span> <a href=\"\/?page_id=49&amp;phpMyAdmin=bSlu7htLtB7yKwuS1z710Fig9se\">\u201cR<span class=\"tlid-translation translation\" lang=\"fr\">\u00e8gle d&#8217;or<\/span>\u201d<\/a> <span class=\"tlid-translation translation\" lang=\"fr\">qui, pr\u00e9sente dans les principales religions et cultures, nous invite \u00e0 &#8220;faire aux autres ce que nous aimerions nous faire et ne pas faire \u00e0 d&#8217;autres ce que nous n&#8217;aimerions pas nous faire \u00bb. Nous voulons que cela devienne une r\u00e9alit\u00e9 parmi tous les peuples de la terre<\/span>.<\/p>\n<h3><span class=\"tlid-translation translation\" lang=\"fr\">Ce que nous voulons<\/span><\/h3>\n<p><span class=\"tlid-translation translation\" lang=\"fr\">Nous parcourons tous les chemins possibles, nous nous engageons dans les actions les plus diverses, sous toutes les latitudes, pour faire tomber les barri\u00e8res et les divisions, afin qu&#8217;un monde uni et pacifique soit bient\u00f4t une r\u00e9alit\u00e9 pour tous les peuples de la terre<\/span>.<\/p>\n<p><\/div>\n\n<div class=\"column one-second\"><\/p>\n<div class=\"image_frame no_link scale-with-grid has_border\" ><div class=\"image_wrapper\"><img class=\"scale-with-grid\" src=\"\/wp-content\/uploads\/saluto-r4u-libano.jpg\" alt=\"\"   \/><\/div><\/div>\n<p><\/div>\n\n","protected":false},"excerpt":{"rendered":"Pr\u00e9sent dans 182 pays nous sommes les gar\u00e7ons de l'unit\u00e9, les adolescents du mouvement des Focolari. Nous vivons dans diff\u00e9rentes r\u00e9gions du monde, nous parlons diff\u00e9rentes [...]","protected":false},"author":1,"featured_media":0,"parent":0,"menu_order":0,"comment_status":"closed","ping_status":"closed","template":"","meta":[],"_links":{"self":[{"href":"https:\/\/www.teens4unity.org\/fr\/wp-json\/wp\/v2\/pages\/10"}],"collection":[{"href":"https:\/\/www.teens4unity.org\/fr\/wp-json\/wp\/v2\/pages"}],"about":[{"href":"https:\/\/www.teens4unity.org\/fr\/wp-json\/wp\/v2\/types\/page"}],"author":[{"embeddable":true,"href":"https:\/\/www.teens4unity.org\/fr\/wp-json\/wp\/v2\/users\/1"}],"replies":[{"embeddable":true,"href":"https:\/\/www.teens4unity.org\/fr\/wp-json\/wp\/v2\/comments?post=10"}],"version-history":[{"count":7,"href":"https:\/\/www.teens4unity.org\/fr\/wp-json\/wp\/v2\/pages\/10\/revisions"}],"predecessor-version":[{"id":1641,"href":"https:\/\/www.teens4unity.org\/fr\/wp-json\/wp\/v2\/pages\/10\/revisions\/1641"}],"wp:attachment":[{"href":"https:\/\/www.teens4unity.org\/fr\/wp-json\/wp\/v2\/media?parent=10"}],"curies":[{"name":"wp","href":"https:\/\/api.w.org\/{rel}","templated":true}]}}