


{"id":81,"date":"2016-01-13T17:46:43","date_gmt":"2016-01-13T16:46:43","guid":{"rendered":"http:\/\/www.teens4unity.org\/il-nostro-stile\/time-out\/"},"modified":"2019-02-13T12:18:14","modified_gmt":"2019-02-13T11:18:14","slug":"time-out","status":"publish","type":"page","link":"https:\/\/www.teens4unity.org\/es\/cosa-facciamo\/time-out\/","title":{"rendered":"Time-out"},"content":{"rendered":"<div class=\"column two-third\"><\/p>\n<p><span class=\"tlid-translation translation\"><span class=\"\" title=\"\">Al enfrentar guerras, conflictos, violencia en varias partes del mundo, inventamos:\u00a0<\/span><\/span> el time-out: <span class=\"highlight\" ><span class=\"tlid-translation translation\"><span class=\"\" title=\"\">todos los d\u00edas en cada zona horaria al mediod\u00eda nos detenemos por un momento, silencio u oraci\u00f3n, para pedir, unidos, el regalo<\/span> <span class=\"\" title=\"\">de paz<\/span><\/span><\/span>\n <span class=\"tlid-translation translation\"><span class=\"\" title=\"\">y reenfocar el compromiso personal de construirlo donde vivimos<\/span><\/span>.<\/p>\n<div class=\"blockquote\"><blockquote><\/p>\n<p><span class=\"tlid-translation translation\"><span class=\"\" title=\"\">Unidos a miles de ni\u00f1os, j\u00f3venes y adultos de todos los pa\u00edses del mundo, pedimos la paz en todas las naciones de la tierra, especialmente para &#8230; (mencionar los pa\u00edses en guerra) y dondequiera que la violencia y la injusticia reinen.<\/span><br \/>\n<span class=\"\" title=\"\">Nos comprometemos a hacer nuestra la Regla de Oro como nuestra: &#8220;Haz a los dem\u00e1s lo que te gustar\u00eda que te hicieran&#8221; para llevar la paz a donde vivimos y construir un mundo unido<\/span><\/span>.<\/p>\n<p><\/blockquote><\/div>\n<p><\/div>\n\n<div class=\"column one-third\"><\/p>\n<div class=\"image_frame no_link scale-with-grid alignnone has_border\" ><div class=\"image_wrapper\"><img class=\"scale-with-grid\" src=\"\/wp-content\/uploads\/ragazzi-time-out.jpg\" alt=\"\"   \/><\/div><\/div>\n<p><\/div>\n\n","protected":false},"excerpt":{"rendered":"Al enfrentar guerras, conflictos, violencia en varias partes del mundo, inventamos:\u00a0 el time-out: todos los d\u00edas en cada zona horaria al mediod\u00eda nos detenemos por un [...]","protected":false},"author":1,"featured_media":0,"parent":24,"menu_order":0,"comment_status":"closed","ping_status":"closed","template":"","meta":[],"_links":{"self":[{"href":"https:\/\/www.teens4unity.org\/es\/wp-json\/wp\/v2\/pages\/81"}],"collection":[{"href":"https:\/\/www.teens4unity.org\/es\/wp-json\/wp\/v2\/pages"}],"about":[{"href":"https:\/\/www.teens4unity.org\/es\/wp-json\/wp\/v2\/types\/page"}],"author":[{"embeddable":true,"href":"https:\/\/www.teens4unity.org\/es\/wp-json\/wp\/v2\/users\/1"}],"replies":[{"embeddable":true,"href":"https:\/\/www.teens4unity.org\/es\/wp-json\/wp\/v2\/comments?post=81"}],"version-history":[{"count":5,"href":"https:\/\/www.teens4unity.org\/es\/wp-json\/wp\/v2\/pages\/81\/revisions"}],"predecessor-version":[{"id":1497,"href":"https:\/\/www.teens4unity.org\/es\/wp-json\/wp\/v2\/pages\/81\/revisions\/1497"}],"up":[{"embeddable":true,"href":"https:\/\/www.teens4unity.org\/es\/wp-json\/wp\/v2\/pages\/24"}],"wp:attachment":[{"href":"https:\/\/www.teens4unity.org\/es\/wp-json\/wp\/v2\/media?parent=81"}],"curies":[{"name":"wp","href":"https:\/\/api.w.org\/{rel}","templated":true}]}}