


{"id":12,"date":"2016-01-13T17:38:55","date_gmt":"2016-01-13T16:38:55","guid":{"rendered":"http:\/\/www.teens4unity.org\/chi-siamo-2\/"},"modified":"2019-02-13T11:56:55","modified_gmt":"2019-02-13T10:56:55","slug":"chi-siamo","status":"publish","type":"page","link":"https:\/\/www.teens4unity.org\/es\/chi-siamo\/","title":{"rendered":"Quienes somos"},"content":{"rendered":"<div class=\"column one-second\"><\/p>\n<p><span class=\"tlid-translation translation\"><span class=\"\" title=\"\">Presentes en<\/span><\/span> <span class=\"highlight\" >182 <span class=\"tlid-translation translation\"><span class=\"\" title=\"\">pa\u00edses <\/span><\/span><\/span>\n <span class=\"tlid-translation translation\"><span class=\"\" title=\"\">somos los Chicos por la unidad, los adolescentes del <\/span><\/span><a href=\"https:\/\/www.focolare.org\/es\/\"><span class=\"tlid-translation translation\"><span class=\"\" title=\"\">Movimiento de los Focolares<\/span><\/span><\/a>.<\/p>\n<p>Vivimos en diferentes \u00e1reas del mundo, hablamos diferentes idiomas, pertenecemos a diferentes religiones y algunos de nosotros no reconocemos una creencia religiosa, pero nos unen con un objetivo com\u00fan: trabajar para ayudar a construir un mundo unido, a realizar la\u00a0 <span class=\"highlight\" >fraternidad universal<\/span>\n, para dar vida a <span class=\"highlight\" >acciones de paz<\/span>\n a partir de nuestra vida cotidiana y de nuestras ciudades. Queremos involucrar a muchos otros j\u00f3venes en el mundo en este proyecto.<\/p>\n<h3>En lo que creemos<\/h3>\n<p>Creemos que solo el respeto mutuo entre las personas y los pueblos puede cambiar el mundo, que solo la unidad puede curar el odio y los conflictos, que solo la fraternidad puede ayudar a construir un mundo mejor juntos.<\/p>\n<p>Todos los d\u00edas intentamos vivir y difundir la llamada <a href=\"\/?page_id=49&amp;phpMyAdmin=bSlu7htLtB7yKwuS1z710Fig9se\">\u201cRegla de oro\u201d<\/a> que, presente en las principales religiones y culturas, nos invita a &#8220;hacer a los dem\u00e1s lo que nos gustar\u00eda hacer y no a los dem\u00e1s lo que no nos gustar\u00eda hacer&#8221;. Queremos que se convierta en realidad entre todos los hombres de la tierra.<\/p>\n<h3>Que queremos<\/h3>\n<p>Seguimos todas las formas posibles, participamos en las acciones m\u00e1s diversas en todas las latitudes para derribar barreras y divisiones, de modo que un mundo unido y pac\u00edfico pronto sea una realidad entre todos los pueblos de la tierra.<\/p>\n<p><\/div>\n\n<div class=\"column one-second\"><\/p>\n<div class=\"image_frame no_link scale-with-grid has_border\" ><div class=\"image_wrapper\"><img class=\"scale-with-grid\" src=\"\/wp-content\/uploads\/saluto-r4u-libano.jpg\" alt=\"\"   \/><\/div><\/div>\n<p><\/div>\n\n","protected":false},"excerpt":{"rendered":"Presentes en 182 pa\u00edses somos los Chicos por la unidad, los adolescentes del Movimiento de los Focolares. Vivimos en diferentes \u00e1reas del mundo, hablamos diferentes idiomas, [...]","protected":false},"author":1,"featured_media":0,"parent":0,"menu_order":0,"comment_status":"closed","ping_status":"closed","template":"","meta":[],"_links":{"self":[{"href":"https:\/\/www.teens4unity.org\/es\/wp-json\/wp\/v2\/pages\/12"}],"collection":[{"href":"https:\/\/www.teens4unity.org\/es\/wp-json\/wp\/v2\/pages"}],"about":[{"href":"https:\/\/www.teens4unity.org\/es\/wp-json\/wp\/v2\/types\/page"}],"author":[{"embeddable":true,"href":"https:\/\/www.teens4unity.org\/es\/wp-json\/wp\/v2\/users\/1"}],"replies":[{"embeddable":true,"href":"https:\/\/www.teens4unity.org\/es\/wp-json\/wp\/v2\/comments?post=12"}],"version-history":[{"count":8,"href":"https:\/\/www.teens4unity.org\/es\/wp-json\/wp\/v2\/pages\/12\/revisions"}],"predecessor-version":[{"id":1494,"href":"https:\/\/www.teens4unity.org\/es\/wp-json\/wp\/v2\/pages\/12\/revisions\/1494"}],"wp:attachment":[{"href":"https:\/\/www.teens4unity.org\/es\/wp-json\/wp\/v2\/media?parent=12"}],"curies":[{"name":"wp","href":"https:\/\/api.w.org\/{rel}","templated":true}]}}