


{"id":11,"date":"2016-01-13T17:38:55","date_gmt":"2016-01-13T16:38:55","guid":{"rendered":"http:\/\/www.teens4unity.org\/chi-siamo-2\/"},"modified":"2016-07-15T16:07:19","modified_gmt":"2016-07-15T14:07:19","slug":"chi-siamo","status":"publish","type":"page","link":"https:\/\/www.teens4unity.org\/de\/chi-siamo\/","title":{"rendered":"Chi siamo"},"content":{"rendered":"<div class=\"column one-second\"><\/p>\n<p>Presenti in <span class=\"highlight\" >182 Paesi<\/span>\n siamo i Ragazzi per l\u2019unit\u00e0, i teenagers del <a href=\"http:\/\/focolare.org\">Movimento dei Focolari<\/a>.<\/p>\n<p>Viviamo in diverse aree del mondo, parliamo lingue differenti, apparteniamo a religioni diverse ed alcuni di noi non si riconoscono in un credo religioso, ma ci unisce un obiettivo comune: lavorare per contribuire a costruire un mondo unito, a realizzare la <span class=\"highlight\" >fraternit\u00e0 universale<\/span>\n, a dare vita ad <span class=\"highlight\" >azioni di pace<\/span>\n iniziando dalla nostra vita quotidiana e dalle nostre citt\u00e0. Vogliamo coinvolgere in questo progetto tanti altri ragazzi nel mondo.<\/p>\n<h3>In cosa crediamo<\/h3>\n<p>Crediamo che solo il rispetto reciproco tra persone e popoli possa cambiare il mondo, che solo l\u2019unit\u00e0 possa sanare odi e conflitti, che solo la fraternit\u00e0 possa aiutare a costruire insieme un mondo migliore.<\/p>\n<p>Ogni giorno cerchiamo di vivere e diffondere la cosiddetta <a href=\"\/?page_id=49&#038;phpMyAdmin=bSlu7htLtB7yKwuS1z710Fig9se\">\u201cRegola d&#8217;oro\u201d<\/a> che, presente nelle principali religioni e culture, invita a \u201cfare agli altri quello che vorremmo fosse fatto a noi e a non fare agli altri quello che non vorremmo fosse fatto a noi\u201d. Vogliamo che diventi realt\u00e0 tra tutti gli uomini della terra.<\/p>\n<h3>Cosa vogliamo<\/h3>\n<p>Percorriamo tutte le vie possibili, ci impegniamo nelle azioni pi\u00f9 diverse a tutte le latitudini per far crollare barriere e divisioni, affinch\u00e9 un mondo unito e in pace sia presto realt\u00e0 tra tutti i popoli della terra.<\/p>\n<p><\/div>\n\n<div class=\"column one-second\"><\/p>\n<div class=\"image_frame no_link scale-with-grid has_border\" ><div class=\"image_wrapper\"><img class=\"scale-with-grid\" src=\"\/wp-content\/uploads\/saluto-r4u-libano.jpg\" alt=\"\"   \/><\/div><\/div>\n<p><\/div>\n\n","protected":false},"excerpt":{"rendered":"Presenti in 182 Paesi siamo i Ragazzi per l\u2019unit\u00e0, i teenagers del Movimento dei Focolari. Viviamo in diverse aree del mondo, parliamo lingue differenti, apparteniamo a [...]","protected":false},"author":1,"featured_media":0,"parent":0,"menu_order":0,"comment_status":"closed","ping_status":"closed","template":"","meta":[],"_links":{"self":[{"href":"https:\/\/www.teens4unity.org\/de\/wp-json\/wp\/v2\/pages\/11"}],"collection":[{"href":"https:\/\/www.teens4unity.org\/de\/wp-json\/wp\/v2\/pages"}],"about":[{"href":"https:\/\/www.teens4unity.org\/de\/wp-json\/wp\/v2\/types\/page"}],"author":[{"embeddable":true,"href":"https:\/\/www.teens4unity.org\/de\/wp-json\/wp\/v2\/users\/1"}],"replies":[{"embeddable":true,"href":"https:\/\/www.teens4unity.org\/de\/wp-json\/wp\/v2\/comments?post=11"}],"version-history":[{"count":6,"href":"https:\/\/www.teens4unity.org\/de\/wp-json\/wp\/v2\/pages\/11\/revisions"}],"predecessor-version":[{"id":605,"href":"https:\/\/www.teens4unity.org\/de\/wp-json\/wp\/v2\/pages\/11\/revisions\/605"}],"wp:attachment":[{"href":"https:\/\/www.teens4unity.org\/de\/wp-json\/wp\/v2\/media?parent=11"}],"curies":[{"name":"wp","href":"https:\/\/api.w.org\/{rel}","templated":true}]}}